{"id":530,"date":"2020-04-20T18:38:35","date_gmt":"2020-04-20T18:38:35","guid":{"rendered":"http:\/\/orto-pharma-reha.hu\/wordpress\/?page_id=530"},"modified":"2023-08-15T11:51:20","modified_gmt":"2023-08-15T11:51:20","slug":"gyogycipo-gyartas","status":"publish","type":"page","link":"https:\/\/orto-pharma-reha.hu\/wordpress\/?page_id=530","title":{"rendered":"Gy\u00f3gycip\u0151 gy\u00e1rt\u00e1s"},"content":{"rendered":"\t\t<div data-elementor-type=\"wp-page\" data-elementor-id=\"530\" class=\"elementor elementor-530\" data-elementor-post-type=\"page\">\n\t\t\t\t\t\t<section class=\"elementor-section elementor-top-section elementor-element elementor-element-692a5367 elementor-section-height-min-height elementor-section-boxed elementor-section-height-default elementor-section-items-middle\" data-id=\"692a5367\" data-element_type=\"section\" data-e-type=\"section\" data-settings=\"{&quot;background_background&quot;:&quot;classic&quot;}\">\n\t\t\t\t\t\t\t<div class=\"elementor-background-overlay\"><\/div>\n\t\t\t\t\t\t\t<div class=\"elementor-container elementor-column-gap-default\">\n\t\t\t\t\t<div class=\"elementor-column elementor-col-100 elementor-top-column elementor-element elementor-element-4dd0fd0e\" data-id=\"4dd0fd0e\" data-element_type=\"column\" data-e-type=\"column\">\n\t\t\t<div class=\"elementor-widget-wrap elementor-element-populated\">\n\t\t\t\t\t\t<div class=\"elementor-element elementor-element-39370c24 elementor-widget elementor-widget-heading\" data-id=\"39370c24\" data-element_type=\"widget\" data-e-type=\"widget\" data-widget_type=\"heading.default\">\n\t\t\t\t<div class=\"elementor-widget-container\">\n\t\t\t\t\t<h2 class=\"elementor-heading-title elementor-size-large\">gy\u00f3gycip\u0151 gy\u00e1rt\u00e1s<\/h2>\t\t\t\t<\/div>\n\t\t\t\t<\/div>\n\t\t\t\t<div class=\"elementor-element elementor-element-4b51e2f0 elementor-widget-divider--view-line elementor-widget elementor-widget-divider\" data-id=\"4b51e2f0\" data-element_type=\"widget\" data-e-type=\"widget\" data-widget_type=\"divider.default\">\n\t\t\t\t<div class=\"elementor-widget-container\">\n\t\t\t\t\t\t\t<div class=\"elementor-divider\">\n\t\t\t<span class=\"elementor-divider-separator\">\n\t\t\t\t\t\t<\/span>\n\t\t<\/div>\n\t\t\t\t\t\t<\/div>\n\t\t\t\t<\/div>\n\t\t\t\t\t<\/div>\n\t\t<\/div>\n\t\t\t\t\t<\/div>\n\t\t<\/section>\n\t\t\t\t<section class=\"elementor-section elementor-top-section elementor-element elementor-element-7317c67 elementor-section-boxed elementor-section-height-default elementor-section-height-default\" data-id=\"7317c67\" data-element_type=\"section\" data-e-type=\"section\" data-settings=\"{&quot;background_background&quot;:&quot;classic&quot;}\">\n\t\t\t\t\t\t<div class=\"elementor-container elementor-column-gap-default\">\n\t\t\t\t\t<div class=\"elementor-column elementor-col-100 elementor-top-column elementor-element elementor-element-54417ac\" data-id=\"54417ac\" data-element_type=\"column\" data-e-type=\"column\">\n\t\t\t<div class=\"elementor-widget-wrap elementor-element-populated\">\n\t\t\t\t\t\t<div class=\"elementor-element elementor-element-1c9ecc7 elementor-widget-divider--view-line_icon elementor-view-default elementor-widget-divider--element-align-center elementor-widget elementor-widget-divider\" data-id=\"1c9ecc7\" data-element_type=\"widget\" data-e-type=\"widget\" data-widget_type=\"divider.default\">\n\t\t\t\t<div class=\"elementor-widget-container\">\n\t\t\t\t\t\t\t<div class=\"elementor-divider\">\n\t\t\t<span class=\"elementor-divider-separator\">\n\t\t\t\t\t\t\t<div class=\"elementor-icon elementor-divider__element\">\n\t\t\t\t\t<i aria-hidden=\"true\" class=\"fas fa-shoe-prints\"><\/i><\/div>\n\t\t\t\t\t\t<\/span>\n\t\t<\/div>\n\t\t\t\t\t\t<\/div>\n\t\t\t\t<\/div>\n\t\t\t\t\t<\/div>\n\t\t<\/div>\n\t\t\t\t\t<\/div>\n\t\t<\/section>\n\t\t\t\t<section class=\"elementor-section elementor-top-section elementor-element elementor-element-179efec elementor-section-height-min-height elementor-section-content-middle elementor-section-boxed elementor-section-height-default elementor-section-items-middle\" data-id=\"179efec\" data-element_type=\"section\" data-e-type=\"section\" data-settings=\"{&quot;background_background&quot;:&quot;classic&quot;}\">\n\t\t\t\t\t\t<div class=\"elementor-container elementor-column-gap-default\">\n\t\t\t\t\t<div class=\"elementor-column elementor-col-100 elementor-top-column elementor-element elementor-element-e5e0f80\" data-id=\"e5e0f80\" data-element_type=\"column\" data-e-type=\"column\">\n\t\t\t<div class=\"elementor-widget-wrap elementor-element-populated\">\n\t\t\t\t\t\t<div class=\"elementor-element elementor-element-7c3e824 elementor-widget-divider--view-line elementor-widget elementor-widget-divider\" data-id=\"7c3e824\" data-element_type=\"widget\" data-e-type=\"widget\" data-widget_type=\"divider.default\">\n\t\t\t\t<div class=\"elementor-widget-container\">\n\t\t\t\t\t\t\t<div class=\"elementor-divider\">\n\t\t\t<span class=\"elementor-divider-separator\">\n\t\t\t\t\t\t<\/span>\n\t\t<\/div>\n\t\t\t\t\t\t<\/div>\n\t\t\t\t<\/div>\n\t\t\t\t<div class=\"elementor-element elementor-element-791a246 elementor-widget elementor-widget-heading\" data-id=\"791a246\" data-element_type=\"widget\" data-e-type=\"widget\" data-widget_type=\"heading.default\">\n\t\t\t\t<div class=\"elementor-widget-container\">\n\t\t\t\t\t<h3 class=\"elementor-heading-title elementor-size-large\">N\u00c1LUNK NEM EGY KAPTAF\u00c1RA K\u00c9SZ\u00dcLNEK A CIP\u0150K!\n<\/h3>\t\t\t\t<\/div>\n\t\t\t\t<\/div>\n\t\t\t\t<div class=\"elementor-element elementor-element-c80a949 elementor-widget elementor-widget-text-editor\" data-id=\"c80a949\" data-element_type=\"widget\" data-e-type=\"widget\" data-widget_type=\"text-editor.default\">\n\t\t\t\t<div class=\"elementor-widget-container\">\n\t\t\t\t\t\t\t\t\t<p id=\"u1282-2\">Sokan hiszik azt, hogy egy gy\u00f3gycip\u0151 csakis otromba lehet, de aki ell\u00e1togat szak\u00fczleteinkbe, az \u00e9ppen ennek az ellenkez\u0151j\u00e9r\u0151l gy\u0151z\u0151dhet meg.<\/p><p id=\"u1282-5\">Mi a speci\u00e1lis gy\u00f3gycip\u0151k sz\u00e9les v\u00e1laszt\u00e9k\u00e1t k\u00edn\u00e1ljuk a papucsokt\u00f3l a szand\u00e1kon \u00e1t a cip\u0151kig. Ezek a l\u00e1bbelik <strong>nemcsak \u00fcgyelnek a l\u00e1b eg\u00e9szs\u00e9g\u00e9re, de egyben divatosak is<\/strong>. R\u00e1ad\u00e1sul a szok\u00e1sos f\u00e9l helyett <strong>egy\u00e9ves garanci\u00e1t v\u00e1llalunk<\/strong> r\u00e1juk.<\/p><p id=\"u1282-8\"><strong>A feln\u0151ttek mellett gyerekeknek is<\/strong> tudunk olyan divatos l\u00e1bbelit aj\u00e1nlani, amelyek haszn\u00e1lat\u00e1val ak\u00e1r a l\u00fadtalp kialakul\u00e1sa is megel\u0151zhet\u0151.<\/p><p id=\"u1282-10\">Mivel c\u00e9g\u00fcnk gy\u00f3gycip\u0151k gy\u00e1rt\u00e1s\u00e1val is foglalkozik, a legspeci\u00e1lisabb ig\u00e9nyeket is k\u00e9pesek vagyunk szem\u00e9lyre szabott megold\u00e1sokkal kiszolg\u00e1lni.<\/p><p id=\"u1282-13\">Nagy hangs\u00falyt fektet\u00fcnk az alaposs\u00e1gra. Ennek r\u00e9szek\u00e9nt <strong>egyedi m\u00e9retv\u00e9tel<\/strong> alapj\u00e1n, a l\u00e1bfej, illetve talp jellegzetess\u00e9geit teljes m\u00e9rt\u00e9kben figyelembe v\u00e9ve m\u00e9retet vesz\u00fcnk \u00fcgyfeleink l\u00e1b\u00e1r\u00f3l, amely alapj\u00e1n szem\u00e9lyre szabott kaptaf\u00e1t k\u00e9sz\u00edt\u00fcnk. A cip\u0151 fels\u0151r\u00e9sze ez alapj\u00e1n k\u00e9sz\u00fcl el. A f\u00e9lk\u00e9sz l\u00e1bbelit ezut\u00e1n felpr\u00f3b\u00e1lja a megrendel\u0151, \u00e9s ha sz\u00fcks\u00e9ges, tov\u00e1bb igaz\u00edtunk rajta. A talp csak ez ut\u00e1n ker\u00fcl a cip\u0151re.<\/p><p>B\u00e1r a mintav\u00e9telt\u0151l sz\u00e1m\u00edtva 4-6 h\u00e9tig is tarthat egy-egy szem\u00e9lyre szabott l\u00e1bbeli elk\u00e9sz\u00edt\u00e9se, az olyan <strong>tart\u00f3ss\u00e1got \u00e9s k\u00e9nyelmet garant\u00e1l<\/strong>, hogy viselet\u00e9t ak\u00e1r t\u00edz\u00f3r\u00e1s haszn\u00e1lat ut\u00e1n is k\u00e9nyelmesnek \u00e9rzi.<\/p><p><em>\u00a0<\/em><\/p>\t\t\t\t\t\t\t\t<\/div>\n\t\t\t\t<\/div>\n\t\t\t\t\t<\/div>\n\t\t<\/div>\n\t\t\t\t\t<\/div>\n\t\t<\/section>\n\t\t\t\t<\/div>\n\t\t","protected":false},"excerpt":{"rendered":"<p>gy\u00f3gycip\u0151 gy\u00e1rt\u00e1s N\u00c1LUNK NEM EGY KAPTAF\u00c1RA K\u00c9SZ\u00dcLNEK A CIP\u0150K! Sokan hiszik azt, hogy egy gy\u00f3gycip\u0151 csakis otromba lehet, de aki ell\u00e1togat szak\u00fczleteinkbe, az \u00e9ppen ennek az ellenkez\u0151j\u00e9r\u0151l gy\u0151z\u0151dhet meg. Mi a speci\u00e1lis gy\u00f3gycip\u0151k sz\u00e9les v\u00e1laszt\u00e9k\u00e1t k\u00edn\u00e1ljuk a papucsokt\u00f3l a szand\u00e1kon \u00e1t a cip\u0151kig. Ezek a l\u00e1bbelik nemcsak \u00fcgyelnek a l\u00e1b eg\u00e9szs\u00e9g\u00e9re, de egyben divatosak is. [&hellip;]<\/p>\n","protected":false},"author":1,"featured_media":0,"parent":0,"menu_order":0,"comment_status":"closed","ping_status":"closed","template":"elementor_header_footer","meta":{"footnotes":""},"class_list":["post-530","page","type-page","status-publish","hentry"],"_links":{"self":[{"href":"https:\/\/orto-pharma-reha.hu\/wordpress\/index.php?rest_route=\/wp\/v2\/pages\/530","targetHints":{"allow":["GET"]}}],"collection":[{"href":"https:\/\/orto-pharma-reha.hu\/wordpress\/index.php?rest_route=\/wp\/v2\/pages"}],"about":[{"href":"https:\/\/orto-pharma-reha.hu\/wordpress\/index.php?rest_route=\/wp\/v2\/types\/page"}],"author":[{"embeddable":true,"href":"https:\/\/orto-pharma-reha.hu\/wordpress\/index.php?rest_route=\/wp\/v2\/users\/1"}],"replies":[{"embeddable":true,"href":"https:\/\/orto-pharma-reha.hu\/wordpress\/index.php?rest_route=%2Fwp%2Fv2%2Fcomments&post=530"}],"version-history":[{"count":34,"href":"https:\/\/orto-pharma-reha.hu\/wordpress\/index.php?rest_route=\/wp\/v2\/pages\/530\/revisions"}],"predecessor-version":[{"id":2854,"href":"https:\/\/orto-pharma-reha.hu\/wordpress\/index.php?rest_route=\/wp\/v2\/pages\/530\/revisions\/2854"}],"wp:attachment":[{"href":"https:\/\/orto-pharma-reha.hu\/wordpress\/index.php?rest_route=%2Fwp%2Fv2%2Fmedia&parent=530"}],"curies":[{"name":"wp","href":"https:\/\/api.w.org\/{rel}","templated":true}]}}