{"id":518,"date":"2020-04-20T18:35:12","date_gmt":"2020-04-20T18:35:12","guid":{"rendered":"http:\/\/orto-pharma-reha.hu\/wordpress\/?page_id=518"},"modified":"2023-08-02T15:53:45","modified_gmt":"2023-08-02T15:53:45","slug":"talpbetet-gyartas","status":"publish","type":"page","link":"https:\/\/orto-pharma-reha.hu\/wordpress\/?page_id=518","title":{"rendered":"Talpbet\u00e9t gy\u00e1rt\u00e1s"},"content":{"rendered":"\t\t<div data-elementor-type=\"wp-page\" data-elementor-id=\"518\" class=\"elementor elementor-518\" data-elementor-post-type=\"page\">\n\t\t\t\t\t\t<section class=\"elementor-section elementor-top-section elementor-element elementor-element-9cc0d7f elementor-section-height-min-height elementor-section-boxed elementor-section-height-default elementor-section-items-middle\" data-id=\"9cc0d7f\" data-element_type=\"section\" data-e-type=\"section\" data-settings=\"{&quot;background_background&quot;:&quot;classic&quot;}\">\n\t\t\t\t\t\t\t<div class=\"elementor-background-overlay\"><\/div>\n\t\t\t\t\t\t\t<div class=\"elementor-container elementor-column-gap-default\">\n\t\t\t\t\t<div class=\"elementor-column elementor-col-100 elementor-top-column elementor-element elementor-element-21f6f56a\" data-id=\"21f6f56a\" data-element_type=\"column\" data-e-type=\"column\">\n\t\t\t<div class=\"elementor-widget-wrap elementor-element-populated\">\n\t\t\t\t\t\t<div class=\"elementor-element elementor-element-52dbde18 elementor-widget elementor-widget-heading\" data-id=\"52dbde18\" data-element_type=\"widget\" data-e-type=\"widget\" data-widget_type=\"heading.default\">\n\t\t\t\t<div class=\"elementor-widget-container\">\n\t\t\t\t\t<h2 class=\"elementor-heading-title elementor-size-large\">talpbet\u00e9t gy\u00e1rt\u00e1s<\/h2>\t\t\t\t<\/div>\n\t\t\t\t<\/div>\n\t\t\t\t<div class=\"elementor-element elementor-element-1fdf5731 elementor-widget-divider--view-line elementor-widget elementor-widget-divider\" data-id=\"1fdf5731\" data-element_type=\"widget\" data-e-type=\"widget\" data-widget_type=\"divider.default\">\n\t\t\t\t<div class=\"elementor-widget-container\">\n\t\t\t\t\t\t\t<div class=\"elementor-divider\">\n\t\t\t<span class=\"elementor-divider-separator\">\n\t\t\t\t\t\t<\/span>\n\t\t<\/div>\n\t\t\t\t\t\t<\/div>\n\t\t\t\t<\/div>\n\t\t\t\t\t<\/div>\n\t\t<\/div>\n\t\t\t\t\t<\/div>\n\t\t<\/section>\n\t\t\t\t<section class=\"elementor-section elementor-top-section elementor-element elementor-element-55bab9c elementor-section-boxed elementor-section-height-default elementor-section-height-default\" data-id=\"55bab9c\" data-element_type=\"section\" data-e-type=\"section\" data-settings=\"{&quot;background_background&quot;:&quot;classic&quot;}\">\n\t\t\t\t\t\t<div class=\"elementor-container elementor-column-gap-default\">\n\t\t\t\t\t<div class=\"elementor-column elementor-col-100 elementor-top-column elementor-element elementor-element-0c97fc9\" data-id=\"0c97fc9\" data-element_type=\"column\" data-e-type=\"column\">\n\t\t\t<div class=\"elementor-widget-wrap elementor-element-populated\">\n\t\t\t\t\t\t<div class=\"elementor-element elementor-element-da0483f elementor-widget-divider--view-line_icon elementor-view-default elementor-widget-divider--element-align-center elementor-widget elementor-widget-divider\" data-id=\"da0483f\" data-element_type=\"widget\" data-e-type=\"widget\" data-widget_type=\"divider.default\">\n\t\t\t\t<div class=\"elementor-widget-container\">\n\t\t\t\t\t\t\t<div class=\"elementor-divider\">\n\t\t\t<span class=\"elementor-divider-separator\">\n\t\t\t\t\t\t\t<div class=\"elementor-icon elementor-divider__element\">\n\t\t\t\t\t<i aria-hidden=\"true\" class=\"far fa-plus-square\"><\/i><\/div>\n\t\t\t\t\t\t<\/span>\n\t\t<\/div>\n\t\t\t\t\t\t<\/div>\n\t\t\t\t<\/div>\n\t\t\t\t\t<\/div>\n\t\t<\/div>\n\t\t\t\t\t<\/div>\n\t\t<\/section>\n\t\t\t\t<section class=\"elementor-section elementor-top-section elementor-element elementor-element-f6f1736 elementor-section-boxed elementor-section-height-default elementor-section-height-default\" data-id=\"f6f1736\" data-element_type=\"section\" data-e-type=\"section\" data-settings=\"{&quot;background_background&quot;:&quot;classic&quot;}\">\n\t\t\t\t\t\t\t<div class=\"elementor-background-overlay\"><\/div>\n\t\t\t\t\t\t\t<div class=\"elementor-container elementor-column-gap-default\">\n\t\t\t\t\t<div class=\"elementor-column elementor-col-50 elementor-top-column elementor-element elementor-element-181456c\" data-id=\"181456c\" data-element_type=\"column\" data-e-type=\"column\">\n\t\t\t<div class=\"elementor-widget-wrap elementor-element-populated\">\n\t\t\t\t\t\t<div class=\"elementor-element elementor-element-32c7753 elementor-widget elementor-widget-image\" data-id=\"32c7753\" data-element_type=\"widget\" data-e-type=\"widget\" data-widget_type=\"image.default\">\n\t\t\t\t<div class=\"elementor-widget-container\">\n\t\t\t\t\t\t\t\t\t\t\t\t\t\t\t<img fetchpriority=\"high\" decoding=\"async\" width=\"800\" height=\"533\" src=\"https:\/\/orto-pharma-reha.hu\/wordpress\/wp-content\/uploads\/2022\/11\/KCS_8922-1024x682.jpg\" class=\"attachment-large size-large wp-image-2363\" alt=\"\" srcset=\"https:\/\/orto-pharma-reha.hu\/wordpress\/wp-content\/uploads\/2022\/11\/KCS_8922-1024x682.jpg 1024w, https:\/\/orto-pharma-reha.hu\/wordpress\/wp-content\/uploads\/2022\/11\/KCS_8922-300x200.jpg 300w, https:\/\/orto-pharma-reha.hu\/wordpress\/wp-content\/uploads\/2022\/11\/KCS_8922-768x512.jpg 768w, https:\/\/orto-pharma-reha.hu\/wordpress\/wp-content\/uploads\/2022\/11\/KCS_8922-1536x1023.jpg 1536w, https:\/\/orto-pharma-reha.hu\/wordpress\/wp-content\/uploads\/2022\/11\/KCS_8922.jpg 1642w\" sizes=\"(max-width: 800px) 100vw, 800px\" \/>\t\t\t\t\t\t\t\t\t\t\t\t\t\t\t<\/div>\n\t\t\t\t<\/div>\n\t\t\t\t\t<\/div>\n\t\t<\/div>\n\t\t\t\t<div class=\"elementor-column elementor-col-50 elementor-top-column elementor-element elementor-element-9cf79c3\" data-id=\"9cf79c3\" data-element_type=\"column\" data-e-type=\"column\">\n\t\t\t<div class=\"elementor-widget-wrap elementor-element-populated\">\n\t\t\t\t\t\t<div class=\"elementor-element elementor-element-31b4c15 elementor-widget elementor-widget-image\" data-id=\"31b4c15\" data-element_type=\"widget\" data-e-type=\"widget\" data-widget_type=\"image.default\">\n\t\t\t\t<div class=\"elementor-widget-container\">\n\t\t\t\t\t\t\t\t\t\t\t\t\t\t\t<img decoding=\"async\" width=\"800\" height=\"533\" src=\"https:\/\/orto-pharma-reha.hu\/wordpress\/wp-content\/uploads\/2022\/11\/KCS_8923-1024x682.jpg\" class=\"attachment-large size-large wp-image-2364\" alt=\"\" srcset=\"https:\/\/orto-pharma-reha.hu\/wordpress\/wp-content\/uploads\/2022\/11\/KCS_8923-1024x682.jpg 1024w, https:\/\/orto-pharma-reha.hu\/wordpress\/wp-content\/uploads\/2022\/11\/KCS_8923-300x200.jpg 300w, https:\/\/orto-pharma-reha.hu\/wordpress\/wp-content\/uploads\/2022\/11\/KCS_8923-768x512.jpg 768w, https:\/\/orto-pharma-reha.hu\/wordpress\/wp-content\/uploads\/2022\/11\/KCS_8923-1536x1023.jpg 1536w, https:\/\/orto-pharma-reha.hu\/wordpress\/wp-content\/uploads\/2022\/11\/KCS_8923.jpg 1642w\" sizes=\"(max-width: 800px) 100vw, 800px\" \/>\t\t\t\t\t\t\t\t\t\t\t\t\t\t\t<\/div>\n\t\t\t\t<\/div>\n\t\t\t\t\t<\/div>\n\t\t<\/div>\n\t\t\t\t\t<\/div>\n\t\t<\/section>\n\t\t\t\t<section class=\"elementor-section elementor-top-section elementor-element elementor-element-d5c25fe elementor-section-height-min-height elementor-section-content-middle elementor-section-boxed elementor-section-height-default elementor-section-items-middle\" data-id=\"d5c25fe\" data-element_type=\"section\" data-e-type=\"section\" data-settings=\"{&quot;background_background&quot;:&quot;classic&quot;}\">\n\t\t\t\t\t\t<div class=\"elementor-container elementor-column-gap-default\">\n\t\t\t\t\t<div class=\"elementor-column elementor-col-100 elementor-top-column elementor-element elementor-element-a1671ce\" data-id=\"a1671ce\" data-element_type=\"column\" data-e-type=\"column\">\n\t\t\t<div class=\"elementor-widget-wrap elementor-element-populated\">\n\t\t\t\t\t\t<div class=\"elementor-element elementor-element-dac807b elementor-widget-divider--view-line elementor-widget elementor-widget-divider\" data-id=\"dac807b\" data-element_type=\"widget\" data-e-type=\"widget\" data-widget_type=\"divider.default\">\n\t\t\t\t<div class=\"elementor-widget-container\">\n\t\t\t\t\t\t\t<div class=\"elementor-divider\">\n\t\t\t<span class=\"elementor-divider-separator\">\n\t\t\t\t\t\t<\/span>\n\t\t<\/div>\n\t\t\t\t\t\t<\/div>\n\t\t\t\t<\/div>\n\t\t\t\t<div class=\"elementor-element elementor-element-cb7f146 elementor-widget elementor-widget-text-editor\" data-id=\"cb7f146\" data-element_type=\"widget\" data-e-type=\"widget\" data-widget_type=\"text-editor.default\">\n\t\t\t\t<div class=\"elementor-widget-container\">\n\t\t\t\t\t\t\t\t\t<p>Lehet\u0151s\u00e9g van szak\u00fczlet\u00fcnkben<strong> egyedi talpbet\u00e9t <\/strong>k\u00e9sz\u00edt\u00e9s\u00e9re, melyet szinte az orsz\u00e1gban is <strong>egyed\u00fcl\u00e1ll\u00f3 m\u00f3don<\/strong> <strong>talpbet\u00e9t-k\u00e9sz\u00edt\u0151 g\u00e9ppel <\/strong>k\u00e9sz\u00edt\u00fcnk el <i>(l\u00e1sd a fenti k\u00e9peken)<\/i>.<\/p>\n<p>A <strong>sz\u00e1m\u00edt\u00f3g\u00e9pes talpvizsg\u00e1lat d\u00edjmentesen<\/strong> ig\u00e9nybe vehet\u0151.<strong><br><\/strong><\/p>\n<p>A lehet\u0151 <strong>legpontosabb param\u00e9terek alapj\u00e1n<\/strong> k\u00e9sz\u00edtj\u00fck el talpbet\u00e9teit, min\u0151s\u00e9gi j\u00e1r\u00e1s\u00e9lm\u00e9nyt biztos\u00edtva.<\/p>\n<p><span style=\"text-decoration: underline;\"><strong>A v\u00e9geredm\u00e9ny egy csakis \u00d6nh\u00f6z passzol\u00f3 talpbet\u00e9t, pont olyan kivitelben, amilyenre az \u00d6n l\u00e1b\u00e1nak sz\u00fcks\u00e9ge van!<\/strong><\/span><\/p>\n<p><strong>EGY P\u00c1R TALPBET\u00c9T \u00c1RA: 19.500 Ft <\/strong>(Az \u00e1r az \u00e1f\u00e1t tartalmazza).<\/p>\n<p>Tov\u00e1bbi r\u00e9szletek\u00e9rt l\u00e1togasson el szak\u00fczlet\u00fcnkbe, illetve vegye fel vel\u00fcnk a kapcsolatot <strong><a href=\"http:\/\/orto-pharma-reha.hu\/kapcsolat\/\" target=\"_blank\" rel=\"noopener\">el\u00e9rhet\u0151s\u00e9geink<\/a><\/strong> valamelyik\u00e9n!<\/p>\n<p><br><\/p>\t\t\t\t\t\t\t\t<\/div>\n\t\t\t\t<\/div>\n\t\t\t\t\t<\/div>\n\t\t<\/div>\n\t\t\t\t\t<\/div>\n\t\t<\/section>\n\t\t\t\t<section class=\"elementor-section elementor-top-section elementor-element elementor-element-820e350 elementor-section-height-min-height elementor-section-content-middle elementor-section-boxed elementor-section-height-default elementor-section-items-middle\" data-id=\"820e350\" data-element_type=\"section\" data-e-type=\"section\" data-settings=\"{&quot;background_background&quot;:&quot;classic&quot;}\">\n\t\t\t\t\t\t<div class=\"elementor-container elementor-column-gap-default\">\n\t\t\t\t\t<div class=\"elementor-column elementor-col-100 elementor-top-column elementor-element elementor-element-00dca9b\" data-id=\"00dca9b\" data-element_type=\"column\" data-e-type=\"column\">\n\t\t\t<div class=\"elementor-widget-wrap elementor-element-populated\">\n\t\t\t\t\t\t<div class=\"elementor-element elementor-element-fbd9286 elementor-widget-divider--view-line elementor-widget elementor-widget-divider\" data-id=\"fbd9286\" data-element_type=\"widget\" data-e-type=\"widget\" data-widget_type=\"divider.default\">\n\t\t\t\t<div class=\"elementor-widget-container\">\n\t\t\t\t\t\t\t<div class=\"elementor-divider\">\n\t\t\t<span class=\"elementor-divider-separator\">\n\t\t\t\t\t\t<\/span>\n\t\t<\/div>\n\t\t\t\t\t\t<\/div>\n\t\t\t\t<\/div>\n\t\t\t\t<div class=\"elementor-element elementor-element-176ecc1 elementor-widget elementor-widget-text-editor\" data-id=\"176ecc1\" data-element_type=\"widget\" data-e-type=\"widget\" data-widget_type=\"text-editor.default\">\n\t\t\t\t<div class=\"elementor-widget-container\">\n\t\t\t\t\t\t\t\t\t<p><strong>&#8211; Minden szempontra figyel!<\/strong><\/p><p>Aki ismeri a l\u00fadtalp, kalap\u00e1csujj (b\u00fcty\u00f6k) okozta kellemetlen t\u00fcneteket, k\u00f6zt\u00fck a gyakori der\u00e9k-, h\u00e1t-, t\u00e9rd- \u00e9s cs\u00edp\u0151f\u00e1jdalmat, az \u00edz\u00fcleti gyullad\u00e1st, vagy p\u00e9ld\u00e1ul cukorbetegs\u00e9g miatti l\u00e1bdeform\u00e1ci\u00f3val \u00e9l, pontosan tudja, mennyire fontos a cip\u0151h\u00f6z \u00e9s l\u00e1bfejhez egyar\u00e1nt t\u00f6k\u00e9letesen illeszked\u0151 talpbet\u00e9t min\u0151s\u00e9ge.<\/p><p>Bizony, sokat sz\u00e1m\u00edt a talpbet\u00e9t p\u00e1rn\u00e1zotts\u00e1ga, a ruganyoss\u00e1ga, a soksz\u00edn\u0171s\u00e9ge, a v\u00edz\u00e1ll\u00f3s\u00e1ga, az \u00e1ramvonalas forma, a cip\u0151h\u00f6z t\u00f6k\u00e9letes illeszked\u00e9se. Sz\u00e1m\u00edt, mennyire kem\u00e9ny a bet\u00e9t anyag, mekkora a sarok- \u00e9s boltozatmagass\u00e1g.<\/p><p>Mindezt figyelembev\u00e9ve gy\u00e1rt talpbet\u00e9tet az egyed\u00fcl\u00e1ll\u00f3 CAD-CAM technol\u00f3gi\u00e1val m\u0171k\u00f6d\u0151 g\u00e9p: a h\u00e1romdimenzi\u00f3s l\u00e9zerszkennel\u0151 lem\u00e9ri a talp k\u00f6rvonal\u00e1t \u00e9s magass\u00e1g\u00e1t, ha sz\u00fcks\u00e9ges, akkor a hossz\u00fat\u00e1v\u00fa talpvizsg\u00e1lat r\u00e9szek\u00e9nt nyom\u00e1seloszl\u00e1s m\u00e9r\u00e9st v\u00e9gez, harmadik l\u00e9p\u00e9sk\u00e9nt pedig &#8211; szoftver seg\u00edts\u00e9g\u00e9vel &#8211; a szakember megtervezi a gumihoz hasonl\u00f3, puha, rugalmas anyag\u00fa talpbet\u00e9tet, majd j\u00f6het a kivitelez\u00e9s.<\/p><p><strong>&#8211; T\u00f6r\u0151dj\u00f6n l\u00e1ba eg\u00e9szs\u00e9g\u00e9vel!<\/strong><\/p><p>Ha a s\u00fcllyed\u0151 l\u00e1bboltozat kezeletlen marad, feln\u0151tt korban is kialakul\u00f3 l\u00fadtalphoz, illetve er\u0151s der\u00e9k-\u00e9s cs\u00edp\u0151f\u00e1jdalomhoz vezethet. Min\u0151s\u00e9gi talpbet\u00e9ttel a folyamat meg\u00e1ll\u00edthat\u00f3, a f\u00e1jdalom megsz\u00fcntethet\u0151. A har\u00e1ntboltozat-s\u00fcllyed\u00e9s sokakn\u00e1l b\u00fctyk\u00f6s\u00f6d\u00e9st okoz, ez\u00e9rt fontos, hogy l\u00fadtalpbet\u00e9t emelje meg a l\u00e1bfejet, ezzel kiv\u00e9dhet\u0151 a tov\u00e1bbi s\u00fcllyed\u00e9s.<\/p><p><strong>&#8211; K\u00e9sz is kaphat\u00f3!<\/strong><\/p><p>Szak\u00fczlet\u00fcnkben m\u00e9retsorozat gy\u00e1rt\u00e1s\u00fa <strong>Berkemann talpbet\u00e9tek<\/strong> is kaphat\u00f3ak nagy v\u00e1laszt\u00e9kban, ezek szint\u00e9n kiv\u00e1l\u00f3 min\u0151s\u00e9g\u0171ek: k\u00f6vetik a talp vonal\u00e1t, \u00e9s 5 ponton al\u00e1t\u00e1masztj\u00e1k azt. F\u0151leg azoknak aj\u00e1nlottak, akik t\u00e1rsbetegs\u00e9gben, durva l\u00e1bfej-deform\u00e1ci\u00f3ban nem szenvednek, viszont enyhe bokas\u00fcllyed\u00e9s\u00fck van, vagy napk\u00f6zben sokat \u00e1csorognak, ezzel terhelve l\u00e1bfej\u00fcket.<\/p>\t\t\t\t\t\t\t\t<\/div>\n\t\t\t\t<\/div>\n\t\t\t\t\t<\/div>\n\t\t<\/div>\n\t\t\t\t\t<\/div>\n\t\t<\/section>\n\t\t\t\t<\/div>\n\t\t","protected":false},"excerpt":{"rendered":"<p>talpbet\u00e9t gy\u00e1rt\u00e1s Lehet\u0151s\u00e9g van szak\u00fczlet\u00fcnkben egyedi talpbet\u00e9t k\u00e9sz\u00edt\u00e9s\u00e9re, melyet szinte az orsz\u00e1gban is egyed\u00fcl\u00e1ll\u00f3 m\u00f3don talpbet\u00e9t-k\u00e9sz\u00edt\u0151 g\u00e9ppel k\u00e9sz\u00edt\u00fcnk el (l\u00e1sd a fenti k\u00e9peken). A sz\u00e1m\u00edt\u00f3g\u00e9pes talpvizsg\u00e1lat d\u00edjmentesen ig\u00e9nybe vehet\u0151. A lehet\u0151 legpontosabb param\u00e9terek alapj\u00e1n k\u00e9sz\u00edtj\u00fck el talpbet\u00e9teit, min\u0151s\u00e9gi j\u00e1r\u00e1s\u00e9lm\u00e9nyt biztos\u00edtva. A v\u00e9geredm\u00e9ny egy csakis \u00d6nh\u00f6z passzol\u00f3 talpbet\u00e9t, pont olyan kivitelben, amilyenre az \u00d6n l\u00e1b\u00e1nak sz\u00fcks\u00e9ge [&hellip;]<\/p>\n","protected":false},"author":1,"featured_media":0,"parent":0,"menu_order":0,"comment_status":"closed","ping_status":"closed","template":"elementor_header_footer","meta":{"footnotes":""},"class_list":["post-518","page","type-page","status-publish","hentry"],"_links":{"self":[{"href":"https:\/\/orto-pharma-reha.hu\/wordpress\/index.php?rest_route=\/wp\/v2\/pages\/518","targetHints":{"allow":["GET"]}}],"collection":[{"href":"https:\/\/orto-pharma-reha.hu\/wordpress\/index.php?rest_route=\/wp\/v2\/pages"}],"about":[{"href":"https:\/\/orto-pharma-reha.hu\/wordpress\/index.php?rest_route=\/wp\/v2\/types\/page"}],"author":[{"embeddable":true,"href":"https:\/\/orto-pharma-reha.hu\/wordpress\/index.php?rest_route=\/wp\/v2\/users\/1"}],"replies":[{"embeddable":true,"href":"https:\/\/orto-pharma-reha.hu\/wordpress\/index.php?rest_route=%2Fwp%2Fv2%2Fcomments&post=518"}],"version-history":[{"count":78,"href":"https:\/\/orto-pharma-reha.hu\/wordpress\/index.php?rest_route=\/wp\/v2\/pages\/518\/revisions"}],"predecessor-version":[{"id":2816,"href":"https:\/\/orto-pharma-reha.hu\/wordpress\/index.php?rest_route=\/wp\/v2\/pages\/518\/revisions\/2816"}],"wp:attachment":[{"href":"https:\/\/orto-pharma-reha.hu\/wordpress\/index.php?rest_route=%2Fwp%2Fv2%2Fmedia&parent=518"}],"curies":[{"name":"wp","href":"https:\/\/api.w.org\/{rel}","templated":true}]}}