{"id":2879,"date":"2025-03-01T07:34:47","date_gmt":"2025-03-01T07:34:47","guid":{"rendered":"http:\/\/orto-pharma-reha.hu\/?page_id=2879"},"modified":"2025-05-22T12:33:46","modified_gmt":"2025-05-22T12:33:46","slug":"palyazat","status":"publish","type":"page","link":"https:\/\/orto-pharma-reha.hu\/wordpress\/?page_id=2879","title":{"rendered":"P\u00e1ly\u00e1zat"},"content":{"rendered":"\t\t<div data-elementor-type=\"wp-page\" data-elementor-id=\"2879\" class=\"elementor elementor-2879\" data-elementor-post-type=\"page\">\n\t\t\t\t\t\t<section class=\"elementor-section elementor-top-section elementor-element elementor-element-385062c elementor-section-boxed elementor-section-height-default elementor-section-height-default\" data-id=\"385062c\" data-element_type=\"section\" data-e-type=\"section\">\n\t\t\t\t\t\t<div class=\"elementor-container elementor-column-gap-default\">\n\t\t\t\t\t<div class=\"elementor-column elementor-col-100 elementor-top-column elementor-element elementor-element-e478650\" data-id=\"e478650\" data-element_type=\"column\" data-e-type=\"column\">\n\t\t\t<div class=\"elementor-widget-wrap elementor-element-populated\">\n\t\t\t\t\t\t<div class=\"elementor-element elementor-element-112510e elementor-widget elementor-widget-heading\" data-id=\"112510e\" data-element_type=\"widget\" data-e-type=\"widget\" data-widget_type=\"heading.default\">\n\t\t\t\t<div class=\"elementor-widget-container\">\n\t\t\t\t\t<h1 class=\"elementor-heading-title elementor-size-default\">ORTO-PHARMA-REHA KFT<\/h1>\t\t\t\t<\/div>\n\t\t\t\t<\/div>\n\t\t\t\t\t<\/div>\n\t\t<\/div>\n\t\t\t\t\t<\/div>\n\t\t<\/section>\n\t\t\t\t<section class=\"elementor-section elementor-top-section elementor-element elementor-element-97769fb elementor-section-boxed elementor-section-height-default elementor-section-height-default\" data-id=\"97769fb\" data-element_type=\"section\" data-e-type=\"section\">\n\t\t\t\t\t\t<div class=\"elementor-container elementor-column-gap-default\">\n\t\t\t\t\t<div class=\"elementor-column elementor-col-100 elementor-top-column elementor-element elementor-element-892a4c3\" data-id=\"892a4c3\" data-element_type=\"column\" data-e-type=\"column\">\n\t\t\t<div class=\"elementor-widget-wrap elementor-element-populated\">\n\t\t\t\t\t\t<div class=\"elementor-element elementor-element-c22b7d4 elementor-widget elementor-widget-image\" data-id=\"c22b7d4\" data-element_type=\"widget\" data-e-type=\"widget\" data-widget_type=\"image.default\">\n\t\t\t\t<div class=\"elementor-widget-container\">\n\t\t\t\t\t\t\t\t\t\t\t\t\t\t\t<img fetchpriority=\"high\" decoding=\"async\" width=\"800\" height=\"239\" src=\"https:\/\/orto-pharma-reha.hu\/wordpress\/wp-content\/uploads\/2023\/01\/MFF-kedvezmenyezetti-infoblokk-keretes-1-1024x306.jpg\" class=\"attachment-large size-large wp-image-2538\" alt=\"\" srcset=\"https:\/\/orto-pharma-reha.hu\/wordpress\/wp-content\/uploads\/2023\/01\/MFF-kedvezmenyezetti-infoblokk-keretes-1-1024x306.jpg 1024w, https:\/\/orto-pharma-reha.hu\/wordpress\/wp-content\/uploads\/2023\/01\/MFF-kedvezmenyezetti-infoblokk-keretes-1-300x90.jpg 300w, https:\/\/orto-pharma-reha.hu\/wordpress\/wp-content\/uploads\/2023\/01\/MFF-kedvezmenyezetti-infoblokk-keretes-1-768x230.jpg 768w, https:\/\/orto-pharma-reha.hu\/wordpress\/wp-content\/uploads\/2023\/01\/MFF-kedvezmenyezetti-infoblokk-keretes-1.jpg 1504w\" sizes=\"(max-width: 800px) 100vw, 800px\" \/>\t\t\t\t\t\t\t\t\t\t\t\t\t\t\t<\/div>\n\t\t\t\t<\/div>\n\t\t\t\t<div class=\"elementor-element elementor-element-88e1078 elementor-widget elementor-widget-text-editor\" data-id=\"88e1078\" data-element_type=\"widget\" data-e-type=\"widget\" data-widget_type=\"text-editor.default\">\n\t\t\t\t<div class=\"elementor-widget-container\">\n\t\t\t\t\t\t\t\t\t<p>A kedvezm\u00e9nyezett neve: ORTO-PHARMA-REHA Kft.\u00a0<\/p><p>A projekt c\u00edme: Telephely- \u00e9s technol\u00f3giai fejleszt\u00e9s az Orto-Pharma-Reha Kft-n\u00e9l.<\/p><p>A projekt c\u00e9lja: Telephely korszer\u0171s\u00edt\u00e9se, valamint technol\u00f3giai fejleszt\u00e9sek megval\u00f3s\u00edt\u00e1sa.<\/p><p>Felt\u00e9telesen vissza nem t\u00e9r\u00edtend\u0151 t\u00e1mogat\u00e1s \u00f6sszege: 124.485.048 Ft<\/p><p>A projekt azonos\u00edt\u00f3 sz\u00e1ma:\u00a0 GINOP Plusz-1.2.3-21-2022-02310<\/p><p>A projekt tartalm\u00e1nak bemutat\u00e1sa:<\/p><p>A fejleszt\u00e9s eredm\u00e9nyek\u00e9nt \u00faj eszk\u00f6z\u00f6k \u00e9s g\u00e9pek v\u00e1s\u00e1rl\u00e1s\u00e1val, valamint digitaliz\u00e1ci\u00f3s tan\u00e1csad\u00e1ssal \u00e9s \u00fczleti felh\u0151szolg\u00e1ltat\u00e1s ig\u00e9nybev\u00e9tel\u00e9vel megval\u00f3sult a v\u00e1llalkoz\u00e1s technol\u00f3giai fejleszt\u00e9se. Tov\u00e1bb\u00e1 a megl\u00e9v\u0151 telephely b\u0151v\u00edt\u00e9s\u00e9re \u00e9s \u00e1talak\u00edt\u00e1s\u00e1ra is sor ker\u00fclt, amelynek folyam\u00e1n \u00faj helyis\u00e9gek l\u00e9tes\u00fcltek. Emellett energetikai beruh\u00e1z\u00e1s is t\u00f6rt\u00e9nt: sor ker\u00fclt egy h\u0151szivatty\u00fas rendszer telep\u00edt\u00e9s\u00e9re is. Az \u00faj, korszer\u0171bb eszk\u00f6z\u00f6kkel a v\u00e1llalkoz\u00e1s a gy\u00f3gy\u00e1szati seg\u00e9deszk\u00f6z\u00f6k gy\u00e1rt\u00f3i \u00e9s kereskedelmi tev\u00e9kenys\u00e9geit az eddigiekn\u00e9l is magasabb szakmai tartalommal \u00e9s precizit\u00e1ssal v\u00e9gzi. A fejleszt\u00e9st elnyert ingatlan c\u00edme: 6725 Szeged, Rem\u00e9ny u. 11.<\/p><p>A projekt befejez\u00e9si d\u00e1tuma: 2024. 02. 22.<\/p>\t\t\t\t\t\t\t\t<\/div>\n\t\t\t\t<\/div>\n\t\t\t\t\t<\/div>\n\t\t<\/div>\n\t\t\t\t\t<\/div>\n\t\t<\/section>\n\t\t\t\t<section class=\"elementor-section elementor-top-section elementor-element elementor-element-e3146f4 elementor-section-boxed elementor-section-height-default elementor-section-height-default\" data-id=\"e3146f4\" data-element_type=\"section\" data-e-type=\"section\" data-settings=\"{&quot;background_background&quot;:&quot;classic&quot;}\">\n\t\t\t\t\t\t\t<div class=\"elementor-background-overlay\"><\/div>\n\t\t\t\t\t\t\t<div class=\"elementor-container elementor-column-gap-default\">\n\t\t\t\t\t<div class=\"elementor-column elementor-col-50 elementor-top-column elementor-element elementor-element-8357e72\" data-id=\"8357e72\" data-element_type=\"column\" data-e-type=\"column\">\n\t\t\t<div class=\"elementor-widget-wrap elementor-element-populated\">\n\t\t\t\t\t\t<div class=\"elementor-element elementor-element-d41b516 elementor-widget elementor-widget-image\" data-id=\"d41b516\" data-element_type=\"widget\" data-e-type=\"widget\" data-widget_type=\"image.default\">\n\t\t\t\t<div class=\"elementor-widget-container\">\n\t\t\t\t\t\t\t\t\t\t\t\t\t\t\t<img decoding=\"async\" width=\"569\" height=\"394\" src=\"https:\/\/orto-pharma-reha.hu\/wordpress\/wp-content\/uploads\/2022\/02\/Szechenyi.2020.png\" class=\"attachment-large size-large wp-image-2145\" alt=\"\" srcset=\"https:\/\/orto-pharma-reha.hu\/wordpress\/wp-content\/uploads\/2022\/02\/Szechenyi.2020.png 569w, https:\/\/orto-pharma-reha.hu\/wordpress\/wp-content\/uploads\/2022\/02\/Szechenyi.2020-300x208.png 300w\" sizes=\"(max-width: 569px) 100vw, 569px\" \/>\t\t\t\t\t\t\t\t\t\t\t\t\t\t\t<\/div>\n\t\t\t\t<\/div>\n\t\t\t\t\t<\/div>\n\t\t<\/div>\n\t\t\t\t<div class=\"elementor-column elementor-col-50 elementor-top-column elementor-element elementor-element-a19027e\" data-id=\"a19027e\" data-element_type=\"column\" data-e-type=\"column\">\n\t\t\t<div class=\"elementor-widget-wrap elementor-element-populated\">\n\t\t\t\t\t\t<div class=\"elementor-element elementor-element-bf7e819 elementor-widget elementor-widget-text-editor\" data-id=\"bf7e819\" data-element_type=\"widget\" data-e-type=\"widget\" data-widget_type=\"text-editor.default\">\n\t\t\t\t<div class=\"elementor-widget-container\">\n\t\t\t\t\t\t\t\t\t<p>A kedvezm\u00e9nyezett neve: ORTO-PHARMA-REHA Kft.\u00a0<\/p><p>A projekt c\u00edme:\u00a0ORTO-PHARMA-REHA Kft. Mak\u00f3, Sz\u00e9p utcai telephely\u00e9nek napelemes fejleszt\u00e9se\u00a0<\/p><p>A szerz\u0151d\u00f6tt t\u00e1mogat\u00e1s \u00f6sszege: 3.813.700 Ft<\/p><p>A t\u00e1mogat\u00e1s m\u00e9rt\u00e9ke: 55%<\/p><p>A projekt azonos\u00edt\u00f3 sz\u00e1ma:\u00a0 GINOP-4.1.4-19-2020-02686<\/p><p>A projekt tartalm\u00e1nak bemutat\u00e1sa:<\/p><p>22,44 Kw-os napelemes rendszer telep\u00edt\u00e9se \u00e9s be\u00fczemel\u00e9se. A rendszer 68 db Eternity 330 Wp napelemet tartalmaz, mely az \u00e9p\u00fclet tet\u0151fel\u00fclet\u00e9re ker\u00fclt elhelyez\u00e9sre. A rendszer tov\u00e1bbi elemei: a Huawei SUN2000-20KTL inverter, alum\u00ednium tart\u00f3szerkezet (sin + leszor\u00edt\u00f3 csavarok, k\u00f6ztes \u00e9s v\u00e9gz\u00e1r\u00f3 elemek), elektromos szerelv\u00e9nyeket (szol\u00e1r k\u00e1bel, AC \u00e9s DC oldali biztos\u00edt\u00e9kok, t\u00falfesz\u00fclts\u00e9g levezet\u0151, f\u00f6ldel\u00e9s, bet\u00e1p k\u00e1belez\u00e9s). A 68 db napelem modul 2 sztringre ker\u00fclt felf\u0171z\u00e9sre. A sztingek a\u00a0\u00a0 Huawei SUN2000-20KTL\u00a0\u00a0inverteren kereszt\u00fcl csatlakoznak a h\u00e1l\u00f3zat f\u00e1zisaira. Az egyetemes szolg\u00e1ltat\u00f3 kicser\u00e9lte a m\u00e9r\u0151\u00f3r\u00e1t, s ezzel a rendszert is \u00fczembe helyezte.<\/p><p>A projekt t\u00e9nyleges befejez\u00e9si d\u00e1tuma: 2021. 07. 26.<\/p>\t\t\t\t\t\t\t\t<\/div>\n\t\t\t\t<\/div>\n\t\t\t\t\t<\/div>\n\t\t<\/div>\n\t\t\t\t\t<\/div>\n\t\t<\/section>\n\t\t\t\t<\/div>\n\t\t","protected":false},"excerpt":{"rendered":"<p>ORTO-PHARMA-REHA KFT A kedvezm\u00e9nyezett neve: ORTO-PHARMA-REHA Kft.\u00a0 A projekt c\u00edme: Telephely- \u00e9s technol\u00f3giai fejleszt\u00e9s az Orto-Pharma-Reha Kft-n\u00e9l. A projekt c\u00e9lja: Telephely korszer\u0171s\u00edt\u00e9se, valamint technol\u00f3giai fejleszt\u00e9sek megval\u00f3s\u00edt\u00e1sa. Felt\u00e9telesen vissza nem t\u00e9r\u00edtend\u0151 t\u00e1mogat\u00e1s \u00f6sszege: 124.485.048 Ft A projekt azonos\u00edt\u00f3 sz\u00e1ma:\u00a0 GINOP Plusz-1.2.3-21-2022-02310 A projekt tartalm\u00e1nak bemutat\u00e1sa: A fejleszt\u00e9s eredm\u00e9nyek\u00e9nt \u00faj eszk\u00f6z\u00f6k \u00e9s g\u00e9pek v\u00e1s\u00e1rl\u00e1s\u00e1val, valamint digitaliz\u00e1ci\u00f3s tan\u00e1csad\u00e1ssal [&hellip;]<\/p>\n","protected":false},"author":1,"featured_media":0,"parent":0,"menu_order":0,"comment_status":"closed","ping_status":"closed","template":"","meta":{"footnotes":""},"class_list":["post-2879","page","type-page","status-publish","hentry"],"_links":{"self":[{"href":"https:\/\/orto-pharma-reha.hu\/wordpress\/index.php?rest_route=\/wp\/v2\/pages\/2879","targetHints":{"allow":["GET"]}}],"collection":[{"href":"https:\/\/orto-pharma-reha.hu\/wordpress\/index.php?rest_route=\/wp\/v2\/pages"}],"about":[{"href":"https:\/\/orto-pharma-reha.hu\/wordpress\/index.php?rest_route=\/wp\/v2\/types\/page"}],"author":[{"embeddable":true,"href":"https:\/\/orto-pharma-reha.hu\/wordpress\/index.php?rest_route=\/wp\/v2\/users\/1"}],"replies":[{"embeddable":true,"href":"https:\/\/orto-pharma-reha.hu\/wordpress\/index.php?rest_route=%2Fwp%2Fv2%2Fcomments&post=2879"}],"version-history":[{"count":13,"href":"https:\/\/orto-pharma-reha.hu\/wordpress\/index.php?rest_route=\/wp\/v2\/pages\/2879\/revisions"}],"predecessor-version":[{"id":3239,"href":"https:\/\/orto-pharma-reha.hu\/wordpress\/index.php?rest_route=\/wp\/v2\/pages\/2879\/revisions\/3239"}],"wp:attachment":[{"href":"https:\/\/orto-pharma-reha.hu\/wordpress\/index.php?rest_route=%2Fwp%2Fv2%2Fmedia&parent=2879"}],"curies":[{"name":"wp","href":"https:\/\/api.w.org\/{rel}","templated":true}]}}